{"id":1092,"date":"2022-09-16T15:38:25","date_gmt":"2022-09-16T13:38:25","guid":{"rendered":"https:\/\/www.synergieasbl.net\/nouveau\/?page_id=1092"},"modified":"2026-03-17T14:24:00","modified_gmt":"2026-03-17T13:24:00","slug":"formation-quand-fuguer-permet-de-mieux-rester-un-levier-pour-le-travail-educatif","status":"publish","type":"page","link":"https:\/\/www.synergieasbl.net\/nouveau\/formation-quand-fuguer-permet-de-mieux-rester-un-levier-pour-le-travail-educatif\/","title":{"rendered":"FORMATION &#8211; Quand fuguer permet de mieux rester : un levier pour le travail \u00e9ducatif"},"content":{"rendered":"\n<div class=\"wp-block-media-text alignwide is-stacked-on-mobile has-border-color has-palette-color-8-border-color\" style=\"border-width:1px;border-top-left-radius:0px;border-top-right-radius:0px;border-bottom-left-radius:0px;border-bottom-right-radius:0px;padding-top:0;padding-right:0;padding-bottom:0;padding-left:0;grid-template-columns:25% auto\"><figure class=\"wp-block-media-text__media\"><img loading=\"lazy\" decoding=\"async\" width=\"300\" height=\"300\" src=\"https:\/\/www.synergieasbl.net\/nouveau\/wp-content\/uploads\/2024\/06\/vignettes11.jpg\" alt=\"\" class=\"wp-image-1885 size-full\" srcset=\"https:\/\/www.synergieasbl.net\/nouveau\/wp-content\/uploads\/2024\/06\/vignettes11.jpg 300w, https:\/\/www.synergieasbl.net\/nouveau\/wp-content\/uploads\/2024\/06\/vignettes11-150x150.jpg 150w\" sizes=\"auto, (max-width: 300px) 100vw, 300px\" \/><\/figure><div class=\"wp-block-media-text__content\">\n<h4 class=\"wp-block-heading has-text-align-center\">Quand fuguer permet de mieux rester : un levier pour le travail \u00e9ducatif<\/h4>\n\n\n\n<h6 class=\"wp-block-heading has-text-align-center has-palette-color-3-color has-text-color has-link-color has-medium-font-size wp-elements-b8511ad5be881a0fd15f1cd421b167cf\">Sophie Detournay et H\u00e9l\u00e8ne Dutry<\/h6>\n<\/div><\/div>\n\n\n\n<div class=\"wp-block-columns is-layout-flex wp-container-core-columns-is-layout-28f84493 wp-block-columns-is-layout-flex\">\n<div class=\"wp-block-column is-layout-flow wp-block-column-is-layout-flow\" style=\"flex-basis:66.66%\">\n<p>La fugue est un \u00e9v\u00e9nement susceptible de survenir dans tout service r\u00e9sidentiel. Elle interpelle, inqui\u00e8te, surprend ou est source de col\u00e8re. Chaque service envisage la mani\u00e8re de rencontrer cet \u00e9v\u00e9nement diff\u00e9remment. <\/p>\n\n\n\n<p>Mais que rec\u00e8le, r\u00e9v\u00e8le, d\u00e9voile la fugue ? La fugue est souvent un moment de sid\u00e9ration pour l&rsquo;\u00e9quipe \u00e9ducative. Lorsqu&rsquo;elle survient, il est difficile de prendre du recul. <\/p>\n\n\n\n<p>Il est donc essentiel de prendre du temps : pourquoi le jeune fugue-t-il, quels sont ses enjeux, ses fragilit\u00e9s, ses ressources ? Qui est-il ? D&rsquo;o\u00f9 vient-il ? Que veut-il dire ? Quels sont les prescrits l\u00e9gaux ? Quel est le r\u00f4le de chaque acteur (parents, Juge, Directeur, Conseiller, \u00e9quipe \u00e9ducative, police, administration) ? Comment \u00e9laborer une attitude p\u00e9dagogique lors du retour du jeune en tentant de resituer et de donner du sens \u00e0 cet \u00e9v\u00e9nement particulier ?&nbsp;<\/p>\n<\/div>\n\n\n\n<div class=\"wp-block-column has-palette-color-5-background-color has-background is-content-justification-center is-layout-constrained wp-container-core-column-is-layout-3fe6362f wp-block-column-is-layout-constrained\" style=\"border-style:none;border-width:0px;border-top-left-radius:10px;border-top-right-radius:10px;border-bottom-left-radius:10px;border-bottom-right-radius:10px;padding-top:var(--wp--preset--spacing--20);padding-right:var(--wp--preset--spacing--20);padding-bottom:var(--wp--preset--spacing--20);padding-left:var(--wp--preset--spacing--20);flex-basis:33.33%\">\n<p><\/p>\n\n\n\n<p class=\"has-text-align-center\"><br>2 journ\u00e9es, de 9h30 \u00e0 16h30<br>11\/02 et 16\/02\/2027<\/p>\n\n\n\n<p class=\"has-text-align-center\" style=\"border-style:none;border-width:0px\">\u00e0 Bruxelles<br><br>Prix : info \u00e0 suivre<\/p>\n<\/div>\n<\/div>\n\n\n\n<p><\/p>\n\n\n\n<p class=\"has-palette-color-8-color has-text-color has-link-color wp-elements-d64d1f5fc515e992163944bb148f81df\">blanc<\/p>\n\n\n\n<h4 class=\"wp-block-heading has-text-align-center\"><strong>Vous souhaitez \u00eatre inform\u00e9\u00b7<\/strong>e<strong>s de l&rsquo;ouverture des inscriptions<\/strong> ?<\/h4>\n\n\n\n<p class=\"has-text-align-center\"><\/p>\n\n\n\n<div class=\"wp-block-contact-form-7-contact-form-selector\">\n<div class=\"wpcf7 no-js\" id=\"wpcf7-f2471-o1\" lang=\"fr-FR\" dir=\"ltr\" data-wpcf7-id=\"2471\">\n<div class=\"screen-reader-response\"><p role=\"status\" aria-live=\"polite\" aria-atomic=\"true\"><\/p> <ul><\/ul><\/div>\n<form action=\"\/nouveau\/wp-json\/wp\/v2\/pages\/1092#wpcf7-f2471-o1\" method=\"post\" class=\"wpcf7-form init\" aria-label=\"Formulaire de contact\" novalidate=\"novalidate\" data-status=\"init\">\n<fieldset class=\"hidden-fields-container\"><input type=\"hidden\" name=\"_wpcf7\" value=\"2471\" \/><input type=\"hidden\" name=\"_wpcf7_version\" value=\"6.1.5\" \/><input type=\"hidden\" name=\"_wpcf7_locale\" value=\"fr_FR\" \/><input type=\"hidden\" name=\"_wpcf7_unit_tag\" value=\"wpcf7-f2471-o1\" \/><input type=\"hidden\" name=\"_wpcf7_container_post\" value=\"0\" \/><input type=\"hidden\" name=\"_wpcf7_posted_data_hash\" value=\"\" \/>\n<\/fieldset>\n<p><label> Votre nom<br \/>\n<span class=\"wpcf7-form-control-wrap\" data-name=\"your-name\"><input size=\"40\" maxlength=\"400\" class=\"wpcf7-form-control wpcf7-text wpcf7-validates-as-required\" autocomplete=\"name\" aria-required=\"true\" aria-invalid=\"false\" value=\"\" type=\"text\" name=\"your-name\" \/><\/span> <\/label>\n<\/p>\n<p><label> Nom du service ou de l'\u00e9quipe :<br \/>\n<span class=\"wpcf7-form-control-wrap\" data-name=\"NomDuServiceOuDeLequipe\"><input size=\"40\" maxlength=\"400\" class=\"wpcf7-form-control wpcf7-text wpcf7-validates-as-required\" aria-required=\"true\" aria-invalid=\"false\" value=\"\" type=\"text\" name=\"NomDuServiceOuDeLequipe\" \/><\/span> <\/label>\n<\/p>\n<p><label> Type de service :<br \/>\n<span class=\"wpcf7-form-control-wrap\" data-name=\"TypeService\"><select class=\"wpcf7-form-control wpcf7-select wpcf7-validates-as-required\" aria-required=\"true\" aria-invalid=\"false\" name=\"TypeService\"><option value=\"Choisir option\">Choisir option<\/option><option value=\"Autre AJ\">Autre AJ<\/option><option value=\"Autre non AJ\">Autre non AJ<\/option><option value=\"AMO\">AMO<\/option><option value=\"SA\">SA<\/option><option value=\"SAAF\">SAAF<\/option><option value=\"SRG\">SRG<\/option><option value=\"SRU\">SRU<\/option><option value=\"SRS\">SRS<\/option><option value=\"SROO\">SROO<\/option><option value=\"SARE\">SARE<\/option><option value=\"S.Protutelle\">S.Protutelle<\/option><option value=\"MADO\">MADO<\/option><option value=\"S.Parrainage\">S.Parrainage<\/option><option value=\"PEP\">PEP<\/option><option value=\"SAS\">SAS<\/option><option value=\"SAJ\">SAJ<\/option><option value=\"SPJ\">SPJ<\/option><\/select><\/span> <\/label>\n<\/p>\n<p><label> Si \"PEP\", \"Autre AJ\" ou \"Autre non AJ\", pr\u00e9cisez :<br \/>\n<span class=\"wpcf7-form-control-wrap\" data-name=\"QuelType\"><input size=\"40\" maxlength=\"400\" class=\"wpcf7-form-control wpcf7-text wpcf7-validates-as-required\" aria-required=\"true\" aria-invalid=\"false\" value=\"\" type=\"text\" name=\"QuelType\" \/><\/span> <\/label>\n<\/p>\n<p><label> Votre e-mail<br \/>\n<span class=\"wpcf7-form-control-wrap\" data-name=\"your-email\"><input size=\"40\" maxlength=\"400\" class=\"wpcf7-form-control wpcf7-email wpcf7-validates-as-required wpcf7-text wpcf7-validates-as-email\" autocomplete=\"email\" aria-required=\"true\" aria-invalid=\"false\" value=\"\" type=\"email\" name=\"your-email\" \/><\/span> <\/label>\n<\/p>\n<p><label> T\u00e9l\u00e9phone :<br \/>\n<span class=\"wpcf7-form-control-wrap\" data-name=\"Telephone\"><input size=\"40\" maxlength=\"400\" class=\"wpcf7-form-control wpcf7-tel wpcf7-validates-as-required wpcf7-text wpcf7-validates-as-tel\" aria-required=\"true\" aria-invalid=\"false\" value=\"\" type=\"tel\" name=\"Telephone\" \/><\/span> <\/label>\n<\/p>\n<p><label> La formation qui vous int\u00e9resse :<br \/>\n<span class=\"wpcf7-form-control-wrap\" data-name=\"FormationInteresse\"><select class=\"wpcf7-form-control wpcf7-select wpcf7-validates-as-required\" aria-required=\"true\" aria-invalid=\"false\" name=\"FormationInteresse\"><option value=\"Choisir option\">Choisir option<\/option><option value=\"Intervision coordinateurs et coordinatrices\">Intervision coordinateurs et coordinatrices<\/option><option value=\"Intervision directeurs et directrices\">Intervision directeurs et directrices<\/option><option value=\"Quand fuguer permet de mieux rester : un levier pour le travail \u00e9ducatif\">Quand fuguer permet de mieux rester : un levier pour le travail \u00e9ducatif<\/option><\/select><\/span> <\/label>\n<\/p>\n<p><label><\/label>\n<\/p>\n<p><i>Synergie asbl s'engage \u00e0 traiter vos donn\u00e9es avec la plus grande confidentialit\u00e9 : ces derni\u00e8res seront utilis\u00e9es uniquement en interne, ne seront ni revendues ni \u00e9chang\u00e9es avec aucun tiers. En conformit\u00e9 avec le RGPD, vous disposez d'un droit de regard \/ modification \/ suppression de vos donn\u00e9es sur simple demande. <\/i>\n<\/p>\n<p><strong><br \/>\n<span class=\"wpcf7-form-control-wrap\" data-name=\"accept-this\"><span class=\"wpcf7-form-control wpcf7-acceptance\"><span class=\"wpcf7-list-item\"><label><input type=\"checkbox\" name=\"accept-this\" value=\"1\" aria-invalid=\"false\" \/><span class=\"wpcf7-list-item-label\">J'accepte que Synergie asbl enregistre les infos que je lui ai soumises.<\/span><\/label><\/span><\/span><\/span><br \/>\n<\/strong>\n<\/p>\n<p><span class=\"wpcf7-form-control-wrap kc_captcha\" data-name=\"kc_captcha\"><span class=\"wpcf7-form-control wpcf7-radio\"><span class=\"captcha-image\" ><span class=\"cf7ic_instructions\">Veuillez prouver que vous \u00eates humain en s\u00e9lectionnant<span> la tasse<\/span>.<\/span><label><input aria-label=\"1\" type=\"radio\" name=\"kc_captcha\" value=\"bot\" \/><svg aria-hidden=\"true\" role=\"img\" xmlns=\"http:\/\/www.w3.org\/2000\/svg\" viewBox=\"0 0 512 512\"><path fill=\"currentColor\" d=\"M500 168h-55l-8-21a127 127 0 00-120-83H195a127 127 0 00-120 83l-8 21H12c-8 0-14 8-11 16l8 24a12 12 0 0011 8h29a64 64 0 00-33 56v48c0 16 6 31 16 42v62c0 13 11 24 24 24h48c13 0 24-11 24-24v-40h256v40c0 13 11 24 24 24h48c13 0 24-11 24-24v-62c10-11 16-26 16-42v-48c0-24-13-45-33-56h29a12 12 0 0011-8l8-24c3-8-3-16-11-16zm-365 2c9-25 33-42 60-42h122c27 0 51 17 60 42l15 38H120l15-38zM88 328a32 32 0 010-64c18 0 48 30 48 48s-30 16-48 16zm336 0c-18 0-48 2-48-16s30-48 48-48 32 14 32 32-14 32-32 32z\"\/><\/svg><\/label><label><input aria-label=\"2\" type=\"radio\" name=\"kc_captcha\" value=\"kc_human\" \/><svg aria-hidden=\"true\" role=\"img\" xmlns=\"http:\/\/www.w3.org\/2000\/svg\" viewBox=\"0 0 640 512\"><path fill=\"currentColor\" d=\"M192 384h192c53 0 96-43 96-96h32a128 128 0 000-256H120c-13 0-24 11-24 24v232c0 53 43 96 96 96zM512 96a64 64 0 010 128h-32V96h32zm48 384H48c-47 0-61-64-36-64h584c25 0 11 64-36 64z\"\/><\/svg><\/label><label><input aria-label=\"3\" type=\"radio\" name=\"kc_captcha\" value=\"bot\" \/><svg aria-hidden=\"true\" role=\"img\" xmlns=\"http:\/\/www.w3.org\/2000\/svg\" viewBox=\"0 0 576 512\"><path fill=\"currentColor\" d=\"M472 200H360L256 6a12 12 0 00-10-6h-58c-8 0-14 7-12 15l34 185H100l-35-58a12 12 0 00-10-6H12c-8 0-13 7-12 14l21 106L0 362c-1 7 4 14 12 14h43c4 0 8-2 10-6l35-58h110l-34 185c-2 8 4 15 12 15h58a12 12 0 0010-6l104-194h112c57 0 104-25 104-56s-47-56-104-56z\"\/><\/svg><\/label>\r\n    <\/span>\r\n    <span style=\"display:none\">\r\n        <input type=\"text\" name=\"kc_honeypot\">\r\n    <\/span><\/span><\/span><br \/>\n<label><br \/>\n<\/label><br \/>\n<input class=\"wpcf7-form-control wpcf7-submit has-spinner\" type=\"submit\" value=\"Me notifier de l&#039;ouverture des inscriptions\" \/>\n<\/p><div class=\"wpcf7-response-output\" aria-hidden=\"true\"><\/div>\n<\/form>\n<\/div>\n<\/div>\n\n\n\n<p><\/p>\n","protected":false},"excerpt":{"rendered":"<p>Quand fuguer permet de mieux rester : un levier pour le travail \u00e9ducatif Sophie Detournay et H\u00e9l\u00e8ne Dutry La fugue est un \u00e9v\u00e9nement susceptible de survenir dans tout service r\u00e9sidentiel. Elle interpelle, inqui\u00e8te, surprend ou est source de col\u00e8re. Chaque service envisage la mani\u00e8re de rencontrer cet \u00e9v\u00e9nement diff\u00e9remment. Mais que rec\u00e8le, r\u00e9v\u00e8le, d\u00e9voile la [&hellip;]<\/p>\n","protected":false},"author":1,"featured_media":0,"parent":0,"menu_order":0,"comment_status":"closed","ping_status":"closed","template":"","meta":{"footnotes":""},"class_list":["post-1092","page","type-page","status-publish","hentry"],"blocksy_meta":{"styles_descriptor":{"styles":{"desktop":"","tablet":"","mobile":""},"google_fonts":[],"version":6}},"_links":{"self":[{"href":"https:\/\/www.synergieasbl.net\/nouveau\/wp-json\/wp\/v2\/pages\/1092","targetHints":{"allow":["GET"]}}],"collection":[{"href":"https:\/\/www.synergieasbl.net\/nouveau\/wp-json\/wp\/v2\/pages"}],"about":[{"href":"https:\/\/www.synergieasbl.net\/nouveau\/wp-json\/wp\/v2\/types\/page"}],"author":[{"embeddable":true,"href":"https:\/\/www.synergieasbl.net\/nouveau\/wp-json\/wp\/v2\/users\/1"}],"replies":[{"embeddable":true,"href":"https:\/\/www.synergieasbl.net\/nouveau\/wp-json\/wp\/v2\/comments?post=1092"}],"version-history":[{"count":38,"href":"https:\/\/www.synergieasbl.net\/nouveau\/wp-json\/wp\/v2\/pages\/1092\/revisions"}],"predecessor-version":[{"id":2475,"href":"https:\/\/www.synergieasbl.net\/nouveau\/wp-json\/wp\/v2\/pages\/1092\/revisions\/2475"}],"wp:attachment":[{"href":"https:\/\/www.synergieasbl.net\/nouveau\/wp-json\/wp\/v2\/media?parent=1092"}],"curies":[{"name":"wp","href":"https:\/\/api.w.org\/{rel}","templated":true}]}}