{"id":12,"date":"2021-07-26T18:21:46","date_gmt":"2021-07-26T16:21:46","guid":{"rendered":"https:\/\/www.synergieasbl.net\/nouveau\/?page_id=12"},"modified":"2023-03-16T15:20:38","modified_gmt":"2023-03-16T14:20:38","slug":"contact","status":"publish","type":"page","link":"https:\/\/www.synergieasbl.net\/nouveau\/contact\/","title":{"rendered":"Contact"},"content":{"rendered":"\n<h2 class=\"wp-block-heading\">Coordonn\u00e9es<\/h2>\n\n\n\n<p>Synergie &#8211; Service Intervention Recherche Jeunes &#8211; asbl<\/p>\n\n\n\n<p>Rue de la Poste 105<br>1030 Bruxelles<\/p>\n\n\n\n<p>02 534 36 16<br>info@synergieasbl.net<\/p>\n\n\n\n<p>Num\u00e9ro d&rsquo;entreprise : 0436 524 843 \/ RPM Bruxelles<\/p>\n\n\n\n<p>Envoyez-nous un message pour \u00eatre tenu au courant de nos activit\u00e9s, ou suivez-nous sur <a href=\"https:\/\/www.facebook.com\/synergie.asbl\" target=\"_blank\" rel=\"noreferrer noopener\">Facebook<\/a> et sur <a href=\"https:\/\/www.linkedin.com\/company\/synergie-asbl\/\" target=\"_blank\" rel=\"noreferrer noopener\">LinkedIn<\/a>. <\/p>\n\n\n\n<h2 class=\"wp-block-heading\"><strong>Acc\u00e8s<\/strong><\/h2>\n\n\n\n<p>Les locaux de Synergie se trouvent pr\u00e8s de l&rsquo;\u00e9glise Royale Sainte Marie, \u00e0 proximit\u00e9 du Botanique.<\/p>\n\n\n\n<p><strong>Train<\/strong> : Gare du Nord (sortie vers la rue d&rsquo;Aerschot, acc\u00e8s \u00e0 Synergie via rue Dupont, \u00e0 8 minutes \u00e0 pied)<br><strong>Tram et bus<\/strong> : arr\u00eat Sainte Marie (\u00e0 2 minutes \u00e0 pied)<br><strong>M\u00e9tro<\/strong> : station Botanique (\u00e0 10 minutes \u00e0 pied)<\/p>\n\n\n\n<figure class=\"wp-block-image size-large\"><a href=\"https:\/\/www.openstreetmap.org\/node\/2369038679#map=16\/50.8581\/4.3697\" target=\"_blank\" rel=\"noopener\"><img loading=\"lazy\" decoding=\"async\" width=\"1024\" height=\"834\" src=\"https:\/\/www.synergieasbl.net\/nouveau\/wp-content\/uploads\/2022\/04\/carte-1024x834.png\" alt=\"\" class=\"wp-image-870\" srcset=\"https:\/\/www.synergieasbl.net\/nouveau\/wp-content\/uploads\/2022\/04\/carte-1024x834.png 1024w, https:\/\/www.synergieasbl.net\/nouveau\/wp-content\/uploads\/2022\/04\/carte-300x244.png 300w, https:\/\/www.synergieasbl.net\/nouveau\/wp-content\/uploads\/2022\/04\/carte-768x625.png 768w, https:\/\/www.synergieasbl.net\/nouveau\/wp-content\/uploads\/2022\/04\/carte.png 1067w\" sizes=\"auto, (max-width: 1024px) 100vw, 1024px\" \/><\/a><\/figure>\n\n\n\n<p><a href=\"https:\/\/www.openstreetmap.org\/node\/2369038679#map=16\/50.8581\/4.3697\" target=\"_blank\" rel=\"noreferrer noopener\">Cliquez ici ou sur le plan pour l&rsquo;afficher dans un nouvel onglet<\/a><\/p>\n\n\n\n<p class=\"has-palette-color-8-color has-text-color\">blanc<\/p>\n","protected":false},"excerpt":{"rendered":"<p>Coordonn\u00e9es Synergie &#8211; Service Intervention Recherche Jeunes &#8211; asbl Rue de la Poste 1051030 Bruxelles 02 534 36 16info@synergieasbl.net Num\u00e9ro d&rsquo;entreprise : 0436 524 843 \/ RPM Bruxelles Envoyez-nous un message pour \u00eatre tenu au courant de nos activit\u00e9s, ou suivez-nous sur Facebook et sur LinkedIn. Acc\u00e8s Les locaux de Synergie se trouvent pr\u00e8s de [&hellip;]<\/p>\n","protected":false},"author":1,"featured_media":0,"parent":0,"menu_order":0,"comment_status":"closed","ping_status":"closed","template":"","meta":{"footnotes":""},"class_list":["post-12","page","type-page","status-publish","hentry"],"blocksy_meta":{"styles_descriptor":{"styles":{"desktop":"","tablet":"","mobile":""},"google_fonts":[],"version":6}},"_links":{"self":[{"href":"https:\/\/www.synergieasbl.net\/nouveau\/wp-json\/wp\/v2\/pages\/12","targetHints":{"allow":["GET"]}}],"collection":[{"href":"https:\/\/www.synergieasbl.net\/nouveau\/wp-json\/wp\/v2\/pages"}],"about":[{"href":"https:\/\/www.synergieasbl.net\/nouveau\/wp-json\/wp\/v2\/types\/page"}],"author":[{"embeddable":true,"href":"https:\/\/www.synergieasbl.net\/nouveau\/wp-json\/wp\/v2\/users\/1"}],"replies":[{"embeddable":true,"href":"https:\/\/www.synergieasbl.net\/nouveau\/wp-json\/wp\/v2\/comments?post=12"}],"version-history":[{"count":32,"href":"https:\/\/www.synergieasbl.net\/nouveau\/wp-json\/wp\/v2\/pages\/12\/revisions"}],"predecessor-version":[{"id":1472,"href":"https:\/\/www.synergieasbl.net\/nouveau\/wp-json\/wp\/v2\/pages\/12\/revisions\/1472"}],"wp:attachment":[{"href":"https:\/\/www.synergieasbl.net\/nouveau\/wp-json\/wp\/v2\/media?parent=12"}],"curies":[{"name":"wp","href":"https:\/\/api.w.org\/{rel}","templated":true}]}}