{"id":1246,"date":"2022-09-27T15:49:48","date_gmt":"2022-09-27T13:49:48","guid":{"rendered":"https:\/\/www.synergieasbl.net\/nouveau\/?page_id=1246"},"modified":"2025-11-14T12:58:32","modified_gmt":"2025-11-14T11:58:32","slug":"formation-la-deontologie-un-soutien-pour-laccompagnement-des-jeunes-et-des-familles","status":"publish","type":"page","link":"https:\/\/www.synergieasbl.net\/nouveau\/formation-la-deontologie-un-soutien-pour-laccompagnement-des-jeunes-et-des-familles\/","title":{"rendered":"FORMATION &#8211; La d\u00e9ontologie, un soutien pour l&rsquo;accompagnement des jeunes et des familles"},"content":{"rendered":"\n<div class=\"wp-block-media-text alignwide is-stacked-on-mobile\" style=\"grid-template-columns:23% auto\"><figure class=\"wp-block-media-text__media\"><img loading=\"lazy\" decoding=\"async\" width=\"300\" height=\"300\" src=\"https:\/\/www.synergieasbl.net\/nouveau\/wp-content\/uploads\/2025\/11\/La-deontologie-3.png\" alt=\"\" class=\"wp-image-2352 size-full\" srcset=\"https:\/\/www.synergieasbl.net\/nouveau\/wp-content\/uploads\/2025\/11\/La-deontologie-3.png 300w, https:\/\/www.synergieasbl.net\/nouveau\/wp-content\/uploads\/2025\/11\/La-deontologie-3-150x150.png 150w\" sizes=\"auto, (max-width: 300px) 100vw, 300px\" \/><\/figure><div class=\"wp-block-media-text__content\">\n<h4 class=\"wp-block-heading has-text-align-left\">La d\u00e9ontologie, au service du travail avec les jeunes et les familles<\/h4>\n\n\n\n<p>2 jours sur site<br>Une analyse de demande sera r\u00e9alis\u00e9e pr\u00e9alablement.<br>Contact : info@synergieasbl.net<\/p>\n<\/div><\/div>\n\n\n\n<p>Le secteur de l\u2019Aide \u00e0 la jeunesse a la particularit\u00e9 d\u2019avoir un code de d\u00e9ontologie qui s\u2019applique \u00e0 tous ceux qui, quelle que soit leur formation ou leur fonction dans le secteur, concourent \u00e0 la mise en place du d\u00e9cret. Comment les principes de ce code se traduisent-ils dans le travail avec les jeunes et les familles&nbsp;? Comment, en \u00e9quipe, s\u2019appuyer sur les principes pour construire des prises en charge respectueuses&nbsp;? Comment, en face de deux valeurs contradictoires, construire une r\u00e9ponse ad\u00e9quate ? Comment le code peut-il faire ressource ou comment ses \u00ab&nbsp;contraintes&nbsp;\u00bb peuvent-elles faire invention ?<br>Cette journ\u00e9e propose aux intervenants de voir comment, \u00e0 partir de la place particuli\u00e8re qu\u2019ils occupent, ils peuvent articuler la pratique et le respect de ce code.<\/p>\n\n\n\n<p>Contenu :<br>\u2022 Le code de d\u00e9ontologie de l&rsquo;AJ : son histoire, sa sp\u00e9cificit\u00e9 et son articulation avec d&rsquo;autres codes sp\u00e9cifiques.<br>\u2022 Le secret professionnel&nbsp;: que dit la loi&nbsp;auquel renvoie le code ?<br>\u2022 Travail \u00e0 partir de situations fictives et d\u2019avis de la commission de d\u00e9ontologie.<\/p>\n\n\n\n<p><\/p>\n\n\n\n<p class=\"has-palette-color-8-color has-text-color\">blanc<\/p>\n","protected":false},"excerpt":{"rendered":"<p>La d\u00e9ontologie, au service du travail avec les jeunes et les familles 2 jours sur siteUne analyse de demande sera r\u00e9alis\u00e9e pr\u00e9alablement.Contact : info@synergieasbl.net Le secteur de l\u2019Aide \u00e0 la jeunesse a la particularit\u00e9 d\u2019avoir un code de d\u00e9ontologie qui s\u2019applique \u00e0 tous ceux qui, quelle que soit leur formation ou leur fonction dans le [&hellip;]<\/p>\n","protected":false},"author":1,"featured_media":0,"parent":0,"menu_order":0,"comment_status":"closed","ping_status":"closed","template":"","meta":{"footnotes":""},"class_list":["post-1246","page","type-page","status-publish","hentry"],"blocksy_meta":{"styles_descriptor":{"styles":{"desktop":"","tablet":"","mobile":""},"google_fonts":[],"version":6}},"_links":{"self":[{"href":"https:\/\/www.synergieasbl.net\/nouveau\/wp-json\/wp\/v2\/pages\/1246","targetHints":{"allow":["GET"]}}],"collection":[{"href":"https:\/\/www.synergieasbl.net\/nouveau\/wp-json\/wp\/v2\/pages"}],"about":[{"href":"https:\/\/www.synergieasbl.net\/nouveau\/wp-json\/wp\/v2\/types\/page"}],"author":[{"embeddable":true,"href":"https:\/\/www.synergieasbl.net\/nouveau\/wp-json\/wp\/v2\/users\/1"}],"replies":[{"embeddable":true,"href":"https:\/\/www.synergieasbl.net\/nouveau\/wp-json\/wp\/v2\/comments?post=1246"}],"version-history":[{"count":10,"href":"https:\/\/www.synergieasbl.net\/nouveau\/wp-json\/wp\/v2\/pages\/1246\/revisions"}],"predecessor-version":[{"id":2357,"href":"https:\/\/www.synergieasbl.net\/nouveau\/wp-json\/wp\/v2\/pages\/1246\/revisions\/2357"}],"wp:attachment":[{"href":"https:\/\/www.synergieasbl.net\/nouveau\/wp-json\/wp\/v2\/media?parent=1246"}],"curies":[{"name":"wp","href":"https:\/\/api.w.org\/{rel}","templated":true}]}}