{"id":18,"date":"2021-07-26T18:23:44","date_gmt":"2021-07-26T16:23:44","guid":{"rendered":"https:\/\/www.synergieasbl.net\/nouveau\/?page_id=18"},"modified":"2022-10-13T16:11:57","modified_gmt":"2022-10-13T14:11:57","slug":"ressources","status":"publish","type":"page","link":"https:\/\/www.synergieasbl.net\/nouveau\/ressources\/","title":{"rendered":"Ressources"},"content":{"rendered":"\n<p><\/p>\n\n\n\n<p>Synergie privil\u00e9gie les formes de recherche qui impliquent une participation active des acteurs concern\u00e9s, professionnels ou non. La recherche-action, l\u2019\u00e9valuation participative sont les m\u00e9thodes de recherche privil\u00e9gi\u00e9es. Il peut s\u2019agir de recherches quantitatives, qualitatives ou int\u00e9grant les deux approches. <\/p>\n\n\n\n<p>La conception du dispositif, l\u2019ampleur et les modalit\u00e9s de participation des partenaires de recherche se n\u00e9gocient chaque fois avec les acteurs de terrain impliqu\u00e9s dans la d\u00e9marche.<\/p>\n\n\n\n<h2 class=\"wp-block-heading\" id=\"recherchesrecentes\">Les recherches et publications de Synergie<\/h2>\n\n\n\n<ul class=\"wp-block-list\"><li><a rel=\"noreferrer noopener\" href=\"\/nouveau\/wp-content\/uploads\/2022\/02\/observatoire-art-sd-mcl.pdf\" target=\"_blank\"><em>La supervision, un indice de bon sant\u00e9<\/em><\/a>, dans L&rsquo;Observatoire num\u00e9ro 109\/2021. Auteures : Marie-Claude Lacroix et Sophie Detournay.<\/li><li><em><a rel=\"noreferrer noopener\" href=\"\/nouveau\/wp-content\/uploads\/2021\/10\/livretBALANCIERS.pdf\" target=\"_blank\">Aide \u00e0 la jeunesse &#8211; Enseignement. Balanciers en mouvement<\/a><\/em>, livret r\u00e9dig\u00e9 \u00e0 la demande de la Plateforme intersectorielle de Bruxelles, en 2020. Auteure : Kathleen Deschamps.<\/li><li><em><a rel=\"noreferrer noopener\" href=\"\/nouveau\/wp-content\/uploads\/2021\/10\/Rapport-Inter-MIIF.pdf\" target=\"_blank\">Des SIIF \u00e0 la MIIF. Cinq ann\u00e9es de pratique mises en questions<\/a><\/em>. Rapport final septembre 2014. Auteure : Justine Vleminckx.<\/li><li><em><a rel=\"noreferrer noopener\" href=\"\/nouveau\/wp-content\/uploads\/2021\/09\/genre-PMS.pdf\" target=\"_blank\">L&rsquo;orientation scolaire et professionnelle dans l\u2019enseignement secondaire aux prises avec le genre<\/a>, \u00e9tude qualitative aupr\u00e8s des Centres PMS du r\u00e9seau libre subventionn\u00e9. <\/em>Rapport final novembre 2009. Auteure : Isabelle Poulet.<\/li><li><em>\u00c9tude sur les besoins de formation des travailleurs sociaux dans le secteur de l\u2019ISP<\/em>, r\u00e9alis\u00e9e \u00e0 la demande du Fonds bruxellois de l\u2019ISP. Rapport final d\u00e9cembre 2005. Auteures : I. Poulet, C. Sanchez.<\/li><li><em>D\u00e9veloppement de \u00ab transversalit\u00e9s \u00bb en pr\u00e9vention g\u00e9n\u00e9rale de \u00ab la violence entre jeunes \u00bb<\/em>. \u00c9tat des lieux r\u00e9alis\u00e9 \u00e0 la demande du CAAJ de Nivelles, en collaboration avec le SAJ et les AMO du Brabant wallon. Rapport final d\u00e9cembre 2005. Auteure : Isabelle Poulet.<\/li><li><em>\u00c9tat des lieux et des besoins de l\u2019arrondissement de Tournai en mati\u00e8re de pr\u00e9vention g\u00e9n\u00e9rale. \u00c9tude r\u00e9alis\u00e9e \u00e0 la demande du CAAJ de Tournai. <\/em>Rapport final juin 2004. Auteures : Isabelle Poulet, Annick Faniel.<\/li><li><em>Analyse de la m\u00e9thodologie de 3 COE \u00e0 travers l\u2019\u00e9valuation par les familles de leurs interventions. Recherche-action financ\u00e9e par la Communaut\u00e9 fran\u00e7aise.<\/em> Rapport final f\u00e9vrier 2004. Auteure : Isabelle Poulet.<\/li><li><em>Violence au f\u00e9minin, recherche-action r\u00e9alis\u00e9e \u00e0 la demande du Fonds Houtman<\/em>. Rapport final d\u00e9cembre 2002. Auteure : Paola Hidalgo.<\/li><\/ul>\n\n\n\n<h2 class=\"wp-block-heading\" id=\"collaborateurs\">Publications de nos collaborateurs et collaboratrices<\/h2>\n\n\n\n<ul class=\"wp-block-list\"><li>Henrard, Eric, <em><a rel=\"noreferrer noopener\" href=\"https:\/\/www.publier-un-livre.com\/fr\/le-livre-en-papier\/2740-les-enfants-de-mon-pere\" target=\"_blank\">Les enfants de mon p\u00e8re<\/a><\/em>, Le Livre en papier, 2022. <\/li><\/ul>\n\n\n\n<p class=\"has-palette-color-8-color has-text-color\">blanc<\/p>\n","protected":false},"excerpt":{"rendered":"<p>Synergie privil\u00e9gie les formes de recherche qui impliquent une participation active des acteurs concern\u00e9s, professionnels ou non. La recherche-action, l\u2019\u00e9valuation participative sont les m\u00e9thodes de recherche privil\u00e9gi\u00e9es. Il peut s\u2019agir de recherches quantitatives, qualitatives ou int\u00e9grant les deux approches. La conception du dispositif, l\u2019ampleur et les modalit\u00e9s de participation des partenaires de recherche se n\u00e9gocient [&hellip;]<\/p>\n","protected":false},"author":1,"featured_media":0,"parent":0,"menu_order":0,"comment_status":"closed","ping_status":"closed","template":"","meta":{"footnotes":""},"class_list":["post-18","page","type-page","status-publish","hentry"],"blocksy_meta":{"styles_descriptor":{"styles":{"desktop":"","tablet":"","mobile":""},"google_fonts":[],"version":6}},"_links":{"self":[{"href":"https:\/\/www.synergieasbl.net\/nouveau\/wp-json\/wp\/v2\/pages\/18","targetHints":{"allow":["GET"]}}],"collection":[{"href":"https:\/\/www.synergieasbl.net\/nouveau\/wp-json\/wp\/v2\/pages"}],"about":[{"href":"https:\/\/www.synergieasbl.net\/nouveau\/wp-json\/wp\/v2\/types\/page"}],"author":[{"embeddable":true,"href":"https:\/\/www.synergieasbl.net\/nouveau\/wp-json\/wp\/v2\/users\/1"}],"replies":[{"embeddable":true,"href":"https:\/\/www.synergieasbl.net\/nouveau\/wp-json\/wp\/v2\/comments?post=18"}],"version-history":[{"count":23,"href":"https:\/\/www.synergieasbl.net\/nouveau\/wp-json\/wp\/v2\/pages\/18\/revisions"}],"predecessor-version":[{"id":1308,"href":"https:\/\/www.synergieasbl.net\/nouveau\/wp-json\/wp\/v2\/pages\/18\/revisions\/1308"}],"wp:attachment":[{"href":"https:\/\/www.synergieasbl.net\/nouveau\/wp-json\/wp\/v2\/media?parent=18"}],"curies":[{"name":"wp","href":"https:\/\/api.w.org\/{rel}","templated":true}]}}