{"id":20,"date":"2021-07-26T18:24:21","date_gmt":"2021-07-26T16:24:21","guid":{"rendered":"https:\/\/www.synergieasbl.net\/nouveau\/?page_id=20"},"modified":"2026-04-21T14:55:51","modified_gmt":"2026-04-21T12:55:51","slug":"supervisions-et-accompagnements","status":"publish","type":"page","link":"https:\/\/www.synergieasbl.net\/nouveau\/supervisions-et-accompagnements\/","title":{"rendered":"Supervisions et accompagnements"},"content":{"rendered":"\n<h2 class=\"wp-block-heading\" id=\"supervisionsequipe\">Supervisions et accompagnements<\/h2>\n\n\n\n<p>Synergie propose aux acteurs des outils qui stimulent la r\u00e9flexivit\u00e9 (la construction de r\u00e9flexion et de discours critique par les acteurs) et qui accroissent le capital des comp\u00e9tences accumul\u00e9es (non seulement des aptitudes techniques mais une capacit\u00e9 de s\u2019affirmer et de se positionner en acteur).<\/p>\n\n\n\n<p>La m\u00e9thodologie de Synergie vise \u00e0 ce que les travaux, qu\u2019ils soient de supervision, d\u2019accompagnement, d\u2019\u00e9criture de projets\u2026 suivent, au mieux et au plus pr\u00e8s, la vie de l\u2019institution et des \u00e9quipes. C\u2019est pour cela que l\u2019accent est mis sur une dimension \u00e9volutive. Les partenaires (institution qui fait la demande, intervenant\u00b7e et Synergie) s\u2019engagent \u00e0 permettre cette dimension \u00e9volutive, notamment en participant \u00e0 des moments d\u2019\u00e9changes et de bilan, qui d\u2019une mani\u00e8re g\u00e9n\u00e9rale, permettent de faire le point, de confirmer, r\u00e9orienter, modifier ou cl\u00f4turer les travaux :<\/p>\n\n\n\n<ul class=\"wp-block-list\">\n<li>Tout d\u2019abord, \u00e0 tout moment du processus, \u00e0 la demande de l&rsquo;intervenant\u00b7e, des participant\u00b7es ou de Synergie, une r\u00e9union peut \u00eatre organis\u00e9e pour faire le point sur les travaux, leur d\u00e9marrage, leur \u00e9volution, leur orientation.<\/li>\n\n\n\n<li>Lorsque le processus engag\u00e9 se d\u00e9roule sur plus d\u2019une ann\u00e9e civile, une r\u00e9union-bilan a lieu au moins une fois par an.<\/li>\n\n\n\n<li>Lorsque le processus prend fin, une rencontre r\u00e9unissant intervenant\u00b7e, participant\u00b7es et Synergie, permet, par un regard r\u00e9trospectif sur le d\u00e9roulement des travaux, de tirer des enseignements du projet.<\/li>\n<\/ul>\n\n\n\n<p><\/p>\n\n\n\n<p><\/p>\n\n\n\n<p class=\"has-palette-color-8-color has-text-color\">blanc<\/p>\n","protected":false},"excerpt":{"rendered":"<p>Supervisions et accompagnements Synergie propose aux acteurs des outils qui stimulent la r\u00e9flexivit\u00e9 (la construction de r\u00e9flexion et de discours critique par les acteurs) et qui accroissent le capital des comp\u00e9tences accumul\u00e9es (non seulement des aptitudes techniques mais une capacit\u00e9 de s\u2019affirmer et de se positionner en acteur). La m\u00e9thodologie de Synergie vise \u00e0 ce [&hellip;]<\/p>\n","protected":false},"author":1,"featured_media":0,"parent":0,"menu_order":0,"comment_status":"closed","ping_status":"closed","template":"","meta":{"footnotes":""},"class_list":["post-20","page","type-page","status-publish","hentry"],"blocksy_meta":{"styles_descriptor":{"styles":{"desktop":"","tablet":"","mobile":""},"google_fonts":[],"version":6}},"_links":{"self":[{"href":"https:\/\/www.synergieasbl.net\/nouveau\/wp-json\/wp\/v2\/pages\/20","targetHints":{"allow":["GET"]}}],"collection":[{"href":"https:\/\/www.synergieasbl.net\/nouveau\/wp-json\/wp\/v2\/pages"}],"about":[{"href":"https:\/\/www.synergieasbl.net\/nouveau\/wp-json\/wp\/v2\/types\/page"}],"author":[{"embeddable":true,"href":"https:\/\/www.synergieasbl.net\/nouveau\/wp-json\/wp\/v2\/users\/1"}],"replies":[{"embeddable":true,"href":"https:\/\/www.synergieasbl.net\/nouveau\/wp-json\/wp\/v2\/comments?post=20"}],"version-history":[{"count":12,"href":"https:\/\/www.synergieasbl.net\/nouveau\/wp-json\/wp\/v2\/pages\/20\/revisions"}],"predecessor-version":[{"id":2479,"href":"https:\/\/www.synergieasbl.net\/nouveau\/wp-json\/wp\/v2\/pages\/20\/revisions\/2479"}],"wp:attachment":[{"href":"https:\/\/www.synergieasbl.net\/nouveau\/wp-json\/wp\/v2\/media?parent=20"}],"curies":[{"name":"wp","href":"https:\/\/api.w.org\/{rel}","templated":true}]}}