{"id":479,"date":"2021-09-24T16:48:38","date_gmt":"2021-09-24T14:48:38","guid":{"rendered":"https:\/\/www.synergieasbl.net\/nouveau\/?page_id=479"},"modified":"2026-03-17T14:48:17","modified_gmt":"2026-03-17T13:48:17","slug":"formation-intervision-pour-les-coordinateurs-et-coordinatrices","status":"publish","type":"page","link":"https:\/\/www.synergieasbl.net\/nouveau\/formation-intervision-pour-les-coordinateurs-et-coordinatrices\/","title":{"rendered":"FORMATION &#8211; Intervision pour les coordinateurs et coordinatrices"},"content":{"rendered":"\n<div class=\"wp-block-media-text alignwide is-stacked-on-mobile\" style=\"grid-template-columns:25% auto\"><figure class=\"wp-block-media-text__media\"><img loading=\"lazy\" decoding=\"async\" width=\"300\" height=\"300\" src=\"https:\/\/www.synergieasbl.net\/nouveau\/wp-content\/uploads\/2024\/06\/vignettes9.jpg\" alt=\"\" class=\"wp-image-1864 size-full\" srcset=\"https:\/\/www.synergieasbl.net\/nouveau\/wp-content\/uploads\/2024\/06\/vignettes9.jpg 300w, https:\/\/www.synergieasbl.net\/nouveau\/wp-content\/uploads\/2024\/06\/vignettes9-150x150.jpg 150w\" sizes=\"auto, (max-width: 300px) 100vw, 300px\" \/><\/figure><div class=\"wp-block-media-text__content\">\n<h4 class=\"wp-block-heading has-text-align-center\">Intervision pour les coordinateurs et coordinatrices<\/h4>\n\n\n\n<h6 class=\"wp-block-heading has-text-align-center has-palette-color-3-color has-text-color has-link-color has-medium-font-size wp-elements-edb52a4805c2deaaf523bdfecc6d08f5\">Fabienne Gigandet<\/h6>\n<\/div><\/div>\n\n\n\n<div class=\"wp-block-columns is-layout-flex wp-container-core-columns-is-layout-28f84493 wp-block-columns-is-layout-flex\">\n<div class=\"wp-block-column is-layout-flow wp-block-column-is-layout-flow\">\n<p>Vous assumez une fonction de coordination et vous avez envie de rencontrer vos pairs pour \u00e9changer et r\u00e9fl\u00e9chir sur vos pratiques ? <\/p>\n\n\n\n<p>Au d\u00e9part de situations ou th\u00e9matiques amen\u00e9es par un\u00b7e participant\u00b7e, le groupe va construire des rep\u00e8res, des balises que chacun\u00b7e pourra mobiliser ult\u00e9rieurement, dans les situations particuli\u00e8res qui sont les siennes.&nbsp;<\/p>\n<\/div>\n\n\n\n<div class=\"wp-block-column has-border-color has-palette-color-5-background-color has-background is-layout-flow wp-container-core-column-is-layout-4ccfc4ab wp-block-column-is-layout-flow\" style=\"border-color:var(--theme-palette-color-5, #E6F0EE);border-top-left-radius:10px;border-top-right-radius:10px;border-bottom-left-radius:10px;border-bottom-right-radius:10px;padding-top:var(--wp--preset--spacing--20);padding-right:var(--wp--preset--spacing--20);padding-bottom:var(--wp--preset--spacing--20);padding-left:var(--wp--preset--spacing--20)\">\n<div class=\"wp-block-columns is-layout-flex wp-container-core-columns-is-layout-28f84493 wp-block-columns-is-layout-flex\">\n<div class=\"wp-block-column is-layout-flow wp-block-column-is-layout-flow\">\n<p class=\"has-text-align-center\">8 vendredis matin, de 9h30 \u00e0 12h30 :<\/p>\n\n\n\n<p class=\"has-text-align-center\">info \u00e0 suivre<\/p>\n\n\n\n<p class=\"has-text-align-center\">\u00c0 Cinex ASBL, <br>Rue Saint-Nicolas 84, 5000 Namur<br>Prix : 150 \u20ac<\/p>\n<\/div>\n<\/div>\n<\/div>\n<\/div>\n\n\n\n<p class=\"has-palette-color-8-color has-text-color has-link-color wp-elements-90b6b3737c06fa98ac214e1af0b5baf1\">blanc<\/p>\n\n\n\n<h4 class=\"wp-block-heading has-text-align-center has-text-color has-link-color wp-elements-889a7774f3d9f231c307ff21cce78f03\" style=\"color:#488b2a\"><strong><strong>Vous souhaitez \u00eatre inform\u00e9\u00b7<\/strong><\/strong>e<strong><strong>s de l&rsquo;ouverture des inscriptions<\/strong> ?<\/strong><\/h4>\n\n\n\n<p class=\"has-text-align-center\"><\/p>\n\n\n\n<div class=\"wp-block-contact-form-7-contact-form-selector\">\n<div class=\"wpcf7 no-js\" id=\"wpcf7-f2471-o1\" lang=\"fr-FR\" dir=\"ltr\" data-wpcf7-id=\"2471\">\n<div class=\"screen-reader-response\"><p role=\"status\" aria-live=\"polite\" aria-atomic=\"true\"><\/p> <ul><\/ul><\/div>\n<form action=\"\/nouveau\/wp-json\/wp\/v2\/pages\/479#wpcf7-f2471-o1\" method=\"post\" class=\"wpcf7-form init\" aria-label=\"Formulaire de contact\" novalidate=\"novalidate\" data-status=\"init\">\n<fieldset class=\"hidden-fields-container\"><input type=\"hidden\" name=\"_wpcf7\" value=\"2471\" \/><input type=\"hidden\" name=\"_wpcf7_version\" value=\"6.1.5\" \/><input type=\"hidden\" name=\"_wpcf7_locale\" value=\"fr_FR\" \/><input type=\"hidden\" name=\"_wpcf7_unit_tag\" value=\"wpcf7-f2471-o1\" \/><input type=\"hidden\" name=\"_wpcf7_container_post\" value=\"0\" \/><input type=\"hidden\" name=\"_wpcf7_posted_data_hash\" value=\"\" \/>\n<\/fieldset>\n<p><label> Votre nom<br \/>\n<span class=\"wpcf7-form-control-wrap\" data-name=\"your-name\"><input size=\"40\" maxlength=\"400\" class=\"wpcf7-form-control wpcf7-text wpcf7-validates-as-required\" autocomplete=\"name\" aria-required=\"true\" aria-invalid=\"false\" value=\"\" type=\"text\" name=\"your-name\" \/><\/span> <\/label>\n<\/p>\n<p><label> Nom du service ou de l'\u00e9quipe :<br \/>\n<span class=\"wpcf7-form-control-wrap\" data-name=\"NomDuServiceOuDeLequipe\"><input size=\"40\" maxlength=\"400\" class=\"wpcf7-form-control wpcf7-text wpcf7-validates-as-required\" aria-required=\"true\" aria-invalid=\"false\" value=\"\" type=\"text\" name=\"NomDuServiceOuDeLequipe\" \/><\/span> <\/label>\n<\/p>\n<p><label> Type de service :<br \/>\n<span class=\"wpcf7-form-control-wrap\" data-name=\"TypeService\"><select class=\"wpcf7-form-control wpcf7-select wpcf7-validates-as-required\" aria-required=\"true\" aria-invalid=\"false\" name=\"TypeService\"><option value=\"Choisir option\">Choisir option<\/option><option value=\"Autre AJ\">Autre AJ<\/option><option value=\"Autre non AJ\">Autre non AJ<\/option><option value=\"AMO\">AMO<\/option><option value=\"SA\">SA<\/option><option value=\"SAAF\">SAAF<\/option><option value=\"SRG\">SRG<\/option><option value=\"SRU\">SRU<\/option><option value=\"SRS\">SRS<\/option><option value=\"SROO\">SROO<\/option><option value=\"SARE\">SARE<\/option><option value=\"S.Protutelle\">S.Protutelle<\/option><option value=\"MADO\">MADO<\/option><option value=\"S.Parrainage\">S.Parrainage<\/option><option value=\"PEP\">PEP<\/option><option value=\"SAS\">SAS<\/option><option value=\"SAJ\">SAJ<\/option><option value=\"SPJ\">SPJ<\/option><\/select><\/span> <\/label>\n<\/p>\n<p><label> Si \"PEP\", \"Autre AJ\" ou \"Autre non AJ\", pr\u00e9cisez :<br \/>\n<span class=\"wpcf7-form-control-wrap\" data-name=\"QuelType\"><input size=\"40\" maxlength=\"400\" class=\"wpcf7-form-control wpcf7-text wpcf7-validates-as-required\" aria-required=\"true\" aria-invalid=\"false\" value=\"\" type=\"text\" name=\"QuelType\" \/><\/span> <\/label>\n<\/p>\n<p><label> Votre e-mail<br \/>\n<span class=\"wpcf7-form-control-wrap\" data-name=\"your-email\"><input size=\"40\" maxlength=\"400\" class=\"wpcf7-form-control wpcf7-email wpcf7-validates-as-required wpcf7-text wpcf7-validates-as-email\" autocomplete=\"email\" aria-required=\"true\" aria-invalid=\"false\" value=\"\" type=\"email\" name=\"your-email\" \/><\/span> <\/label>\n<\/p>\n<p><label> T\u00e9l\u00e9phone :<br \/>\n<span class=\"wpcf7-form-control-wrap\" data-name=\"Telephone\"><input size=\"40\" maxlength=\"400\" class=\"wpcf7-form-control wpcf7-tel wpcf7-validates-as-required wpcf7-text wpcf7-validates-as-tel\" aria-required=\"true\" aria-invalid=\"false\" value=\"\" type=\"tel\" name=\"Telephone\" \/><\/span> <\/label>\n<\/p>\n<p><label> La formation qui vous int\u00e9resse :<br \/>\n<span class=\"wpcf7-form-control-wrap\" data-name=\"FormationInteresse\"><select class=\"wpcf7-form-control wpcf7-select wpcf7-validates-as-required\" aria-required=\"true\" aria-invalid=\"false\" name=\"FormationInteresse\"><option value=\"Choisir option\">Choisir option<\/option><option value=\"Intervision coordinateurs et coordinatrices\">Intervision coordinateurs et coordinatrices<\/option><option value=\"Intervision directeurs et directrices\">Intervision directeurs et directrices<\/option><option value=\"Quand fuguer permet de mieux rester : un levier pour le travail \u00e9ducatif\">Quand fuguer permet de mieux rester : un levier pour le travail \u00e9ducatif<\/option><\/select><\/span> <\/label>\n<\/p>\n<p><label><\/label>\n<\/p>\n<p><i>Synergie asbl s'engage \u00e0 traiter vos donn\u00e9es avec la plus grande confidentialit\u00e9 : ces derni\u00e8res seront utilis\u00e9es uniquement en interne, ne seront ni revendues ni \u00e9chang\u00e9es avec aucun tiers. En conformit\u00e9 avec le RGPD, vous disposez d'un droit de regard \/ modification \/ suppression de vos donn\u00e9es sur simple demande. <\/i>\n<\/p>\n<p><strong><br \/>\n<span class=\"wpcf7-form-control-wrap\" data-name=\"accept-this\"><span class=\"wpcf7-form-control wpcf7-acceptance\"><span class=\"wpcf7-list-item\"><label><input type=\"checkbox\" name=\"accept-this\" value=\"1\" aria-invalid=\"false\" \/><span class=\"wpcf7-list-item-label\">J'accepte que Synergie asbl enregistre les infos que je lui ai soumises.<\/span><\/label><\/span><\/span><\/span><br \/>\n<\/strong>\n<\/p>\n<p><span class=\"wpcf7-form-control-wrap kc_captcha\" data-name=\"kc_captcha\"><span class=\"wpcf7-form-control wpcf7-radio\"><span class=\"captcha-image\" ><span class=\"cf7ic_instructions\">Veuillez prouver que vous \u00eates humain en s\u00e9lectionnant<span> le drapeau<\/span>.<\/span><label><input aria-label=\"1\" type=\"radio\" name=\"kc_captcha\" value=\"bot\" \/><svg aria-hidden=\"true\" role=\"img\" xmlns=\"http:\/\/www.w3.org\/2000\/svg\" viewBox=\"0 0 576 512\"><path fill=\"currentColor\" d=\"M415 24c-53 0-103 42-127 65-24-23-74-65-127-65C70 24 16 77 16 166c0 72 67 133 69 135l187 181c9 8 23 8 32 0l187-180c2-3 69-64 69-136 0-89-54-142-145-142z\"\/><\/svg><\/label><label><input aria-label=\"2\" type=\"radio\" name=\"kc_captcha\" value=\"bot\" \/><svg aria-hidden=\"true\" role=\"img\" xmlns=\"http:\/\/www.w3.org\/2000\/svg\" viewBox=\"0 0 640 512\"><path fill=\"currentColor\" d=\"M192 384h192c53 0 96-43 96-96h32a128 128 0 000-256H120c-13 0-24 11-24 24v232c0 53 43 96 96 96zM512 96a64 64 0 010 128h-32V96h32zm48 384H48c-47 0-61-64-36-64h584c25 0 11 64-36 64z\"\/><\/svg><\/label><label><input aria-label=\"3\" type=\"radio\" name=\"kc_captcha\" value=\"kc_human\" \/><svg aria-hidden=\"true\" role=\"img\" xmlns=\"http:\/\/www.w3.org\/2000\/svg\" viewBox=\"0 0 512 512\"><path fill=\"currentColor\" d=\"M350 99c-54 0-98-35-166-35-25 0-47 4-68 12a56 56 0 004-24C118 24 95 1 66 0a56 56 0 00-34 102v386c0 13 11 24 24 24h16c13 0 24-11 24-24v-94c28-12 64-23 114-23 54 0 98 35 166 35 48 0 86-16 122-41 9-6 14-15 14-26V96c0-23-24-39-45-29-35 16-77 32-117 32z\"\/><\/svg><\/label>\r\n    <\/span>\r\n    <span style=\"display:none\">\r\n        <input type=\"text\" name=\"kc_honeypot\">\r\n    <\/span><\/span><\/span><br \/>\n<label><br \/>\n<\/label><br \/>\n<input class=\"wpcf7-form-control wpcf7-submit has-spinner\" type=\"submit\" value=\"Me notifier de l&#039;ouverture des inscriptions\" \/>\n<\/p><div class=\"wpcf7-response-output\" aria-hidden=\"true\"><\/div>\n<\/form>\n<\/div>\n<\/div>\n\n\n\n<p class=\"has-palette-color-8-color has-palette-color-8-background-color has-text-color has-background\"><\/p>\n\n\n\n<p><\/p>\n","protected":false},"excerpt":{"rendered":"<p>Intervision pour les coordinateurs et coordinatrices Fabienne Gigandet Vous assumez une fonction de coordination et vous avez envie de rencontrer vos pairs pour \u00e9changer et r\u00e9fl\u00e9chir sur vos pratiques ? Au d\u00e9part de situations ou th\u00e9matiques amen\u00e9es par un\u00b7e participant\u00b7e, le groupe va construire des rep\u00e8res, des balises que chacun\u00b7e pourra mobiliser ult\u00e9rieurement, dans les [&hellip;]<\/p>\n","protected":false},"author":1,"featured_media":0,"parent":0,"menu_order":0,"comment_status":"closed","ping_status":"closed","template":"","meta":{"footnotes":""},"class_list":["post-479","page","type-page","status-publish","hentry"],"blocksy_meta":{"styles_descriptor":{"styles":{"desktop":"","tablet":"","mobile":""},"google_fonts":[],"version":6}},"_links":{"self":[{"href":"https:\/\/www.synergieasbl.net\/nouveau\/wp-json\/wp\/v2\/pages\/479","targetHints":{"allow":["GET"]}}],"collection":[{"href":"https:\/\/www.synergieasbl.net\/nouveau\/wp-json\/wp\/v2\/pages"}],"about":[{"href":"https:\/\/www.synergieasbl.net\/nouveau\/wp-json\/wp\/v2\/types\/page"}],"author":[{"embeddable":true,"href":"https:\/\/www.synergieasbl.net\/nouveau\/wp-json\/wp\/v2\/users\/1"}],"replies":[{"embeddable":true,"href":"https:\/\/www.synergieasbl.net\/nouveau\/wp-json\/wp\/v2\/comments?post=479"}],"version-history":[{"count":49,"href":"https:\/\/www.synergieasbl.net\/nouveau\/wp-json\/wp\/v2\/pages\/479\/revisions"}],"predecessor-version":[{"id":2477,"href":"https:\/\/www.synergieasbl.net\/nouveau\/wp-json\/wp\/v2\/pages\/479\/revisions\/2477"}],"wp:attachment":[{"href":"https:\/\/www.synergieasbl.net\/nouveau\/wp-json\/wp\/v2\/media?parent=479"}],"curies":[{"name":"wp","href":"https:\/\/api.w.org\/{rel}","templated":true}]}}