{"id":487,"date":"2021-09-24T18:20:09","date_gmt":"2021-09-24T16:20:09","guid":{"rendered":"https:\/\/www.synergieasbl.net\/nouveau\/?page_id=487"},"modified":"2025-04-01T09:45:20","modified_gmt":"2025-04-01T07:45:20","slug":"formation-intervision-des-pratiques-aupres-des-personnes-lqbtqia","status":"publish","type":"page","link":"https:\/\/www.synergieasbl.net\/nouveau\/formation-intervision-des-pratiques-aupres-des-personnes-lqbtqia\/","title":{"rendered":"FORMATION &#8211; Questions de genre et d&rsquo;orientation sexuelle dans le travail social"},"content":{"rendered":"\n<div class=\"wp-block-media-text alignwide is-stacked-on-mobile\" style=\"grid-template-columns:16% auto\"><figure class=\"wp-block-media-text__media\"><img loading=\"lazy\" decoding=\"async\" width=\"300\" height=\"300\" src=\"https:\/\/www.synergieasbl.net\/nouveau\/wp-content\/uploads\/2024\/06\/vignettes14.jpg\" alt=\"\" class=\"wp-image-1873 size-full\" srcset=\"https:\/\/www.synergieasbl.net\/nouveau\/wp-content\/uploads\/2024\/06\/vignettes14.jpg 300w, https:\/\/www.synergieasbl.net\/nouveau\/wp-content\/uploads\/2024\/06\/vignettes14-150x150.jpg 150w\" sizes=\"auto, (max-width: 300px) 100vw, 300px\" \/><\/figure><div class=\"wp-block-media-text__content\">\n<h4 class=\"wp-block-heading\"><strong>Questions de genre et d&rsquo;orientation sexuelle dans le travail social<\/strong><\/h4>\n\n\n\n<h6 class=\"wp-block-heading has-palette-color-3-color has-text-color has-link-color wp-elements-408efc4b6641e301a4ae717898cdf046\">Myriam Monheim et Claudia Geraets<\/h6>\n<\/div><\/div>\n\n\n\n<div class=\"wp-block-columns is-layout-flex wp-container-core-columns-is-layout-28f84493 wp-block-columns-is-layout-flex\">\n<div class=\"wp-block-column is-layout-flow wp-block-column-is-layout-flow\" style=\"flex-basis:66.66%\">\n<h6 class=\"wp-block-heading\">Objectifs<\/h6>\n\n\n\n<ul class=\"wp-block-list\">\n<li>Revenir sur notions de base&nbsp;: Norme, Identit\u00e9 de Genre (IG) et Orientation Sexuelle (OS), visiter les notions d\u2019homophobie et d\u2019h\u00e9t\u00e9rosexisme etc.<\/li>\n\n\n\n<li>Appr\u00e9hender la particularit\u00e9 des parcours psychosociaux des personnes LGBTQI+ et les vuln\u00e9rabilit\u00e9s associ\u00e9es.<\/li>\n\n\n\n<li>Rep\u00e9rer les st\u00e9r\u00e9otypes de genre et l\u2019h\u00e9t\u00e9ronormativit\u00e9 dans les pratiques professionnelles et institutionnelles. <\/li>\n\n\n\n<li>Mettre au travail les dimensions de d\u00e9ontologie et de confidentialit\u00e9.<\/li>\n\n\n\n<li>Promouvoir l\u2019inclusivit\u00e9 des pratiques d\u2019accueil et de prise en charge psychosociale des personnes LGBTQI+ et de leurs familles.<\/li>\n<\/ul>\n<\/div>\n\n\n\n<div class=\"wp-block-column has-palette-color-8-background-color has-background is-layout-flow wp-block-column-is-layout-flow\" style=\"flex-basis:33.33%\">\n<p class=\"has-palette-color-8-color has-text-color has-link-color wp-elements-89b2b7156248adeda6e3bff6061b5469\">blanc<\/p>\n\n\n\n<p>  1 journ\u00e9e + 2 matin\u00e9es :<\/p>\n\n\n\n<ul class=\"wp-block-list\">\n<li>01\/04\/2025, de 9h30 \u00e0 16h30<\/li>\n\n\n\n<li>04\/04, de 9h30 \u00e0 12h30<\/li>\n\n\n\n<li>et 24\/04, de 9h30 \u00e0 12h30<\/li>\n<\/ul>\n\n\n\n<p>\u00e0 Bruxelles<br>Prix : 70 \u20ac<\/p>\n<\/div>\n<\/div>\n\n\n\n<div class=\"wp-block-columns is-layout-flex wp-container-core-columns-is-layout-28f84493 wp-block-columns-is-layout-flex\">\n<div class=\"wp-block-column is-layout-flow wp-block-column-is-layout-flow\" style=\"flex-basis:66.66%\">\n<h6 class=\"wp-block-heading\">Modalit\u00e9s&nbsp;<\/h6>\n\n\n\n<p class=\"has-text-align-left\">1 jour&nbsp;: concepts +<br>2 matin\u00e9es&nbsp;: \u00e9changes sur base des pratiques et interrogations des participant\u00b7es<\/p>\n<\/div>\n\n\n\n<div class=\"wp-block-column is-layout-flow wp-block-column-is-layout-flow\" style=\"flex-basis:33.33%\"><\/div>\n<\/div>\n\n\n\n<p class=\"has-palette-color-8-color has-text-color has-link-color wp-elements-d64d1f5fc515e992163944bb148f81df\">blanc<\/p>\n\n\n\n<p class=\"has-text-align-center\"><\/p>\n\n\n\n<p class=\"has-palette-color-8-color has-text-color\">blanc<\/p>\n\n\n\n<p><\/p>\n","protected":false},"excerpt":{"rendered":"<p>Questions de genre et d&rsquo;orientation sexuelle dans le travail social Myriam Monheim et Claudia Geraets Objectifs blanc 1 journ\u00e9e + 2 matin\u00e9es : \u00e0 BruxellesPrix : 70 \u20ac Modalit\u00e9s&nbsp; 1 jour&nbsp;: concepts +2 matin\u00e9es&nbsp;: \u00e9changes sur base des pratiques et interrogations des participant\u00b7es blanc blanc<\/p>\n","protected":false},"author":1,"featured_media":0,"parent":0,"menu_order":0,"comment_status":"closed","ping_status":"closed","template":"","meta":{"footnotes":""},"class_list":["post-487","page","type-page","status-publish","hentry"],"blocksy_meta":{"styles_descriptor":{"styles":{"desktop":"","tablet":"","mobile":""},"google_fonts":[],"version":6}},"_links":{"self":[{"href":"https:\/\/www.synergieasbl.net\/nouveau\/wp-json\/wp\/v2\/pages\/487","targetHints":{"allow":["GET"]}}],"collection":[{"href":"https:\/\/www.synergieasbl.net\/nouveau\/wp-json\/wp\/v2\/pages"}],"about":[{"href":"https:\/\/www.synergieasbl.net\/nouveau\/wp-json\/wp\/v2\/types\/page"}],"author":[{"embeddable":true,"href":"https:\/\/www.synergieasbl.net\/nouveau\/wp-json\/wp\/v2\/users\/1"}],"replies":[{"embeddable":true,"href":"https:\/\/www.synergieasbl.net\/nouveau\/wp-json\/wp\/v2\/comments?post=487"}],"version-history":[{"count":56,"href":"https:\/\/www.synergieasbl.net\/nouveau\/wp-json\/wp\/v2\/pages\/487\/revisions"}],"predecessor-version":[{"id":2250,"href":"https:\/\/www.synergieasbl.net\/nouveau\/wp-json\/wp\/v2\/pages\/487\/revisions\/2250"}],"wp:attachment":[{"href":"https:\/\/www.synergieasbl.net\/nouveau\/wp-json\/wp\/v2\/media?parent=487"}],"curies":[{"name":"wp","href":"https:\/\/api.w.org\/{rel}","templated":true}]}}