{"id":510,"date":"2021-09-28T15:46:19","date_gmt":"2021-09-28T13:46:19","guid":{"rendered":"https:\/\/www.synergieasbl.net\/nouveau\/?page_id=510"},"modified":"2025-01-15T15:49:24","modified_gmt":"2025-01-15T14:49:24","slug":"formation-laccompagnement-des-enfants-qui-grandissent-avec-un-proche-en-souffrance-psychique","status":"publish","type":"page","link":"https:\/\/www.synergieasbl.net\/nouveau\/formation-laccompagnement-des-enfants-qui-grandissent-avec-un-proche-en-souffrance-psychique\/","title":{"rendered":"FORMATION &#8211; L&rsquo;accompagnement des enfants qui grandissent avec un proche en souffrance psychique"},"content":{"rendered":"\n<div class=\"wp-block-media-text alignwide is-stacked-on-mobile\" style=\"grid-template-columns:19% auto\"><figure class=\"wp-block-media-text__media\"><img loading=\"lazy\" decoding=\"async\" width=\"300\" height=\"300\" src=\"https:\/\/www.synergieasbl.net\/nouveau\/wp-content\/uploads\/2024\/06\/vignettes10.jpg\" alt=\"\" class=\"wp-image-1870 size-full\" srcset=\"https:\/\/www.synergieasbl.net\/nouveau\/wp-content\/uploads\/2024\/06\/vignettes10.jpg 300w, https:\/\/www.synergieasbl.net\/nouveau\/wp-content\/uploads\/2024\/06\/vignettes10-150x150.jpg 150w\" sizes=\"auto, (max-width: 300px) 100vw, 300px\" \/><\/figure><div class=\"wp-block-media-text__content\">\n<h4 class=\"wp-block-heading has-text-align-left\">L&rsquo;accompagnement des enfants qui grandissent avec un proche en souffrance psychique<\/h4>\n\n\n\n<h6 class=\"wp-block-heading has-text-align-left has-palette-color-3-color has-text-color has-link-color wp-elements-feda0dac4871eb159231a8c1dfb5cf4f\" id=\"un-et-un-font-plus-que-deux-penser-la-co-intervention\">\u00c9tincelle ASBL<\/h6>\n<\/div><\/div>\n\n\n\n<div class=\"wp-block-columns is-layout-flex wp-container-core-columns-is-layout-28f84493 wp-block-columns-is-layout-flex\">\n<div class=\"wp-block-column is-layout-flow wp-block-column-is-layout-flow\" style=\"flex-basis:66.66%\">\n<p>A l&rsquo;heure o\u00f9 le lieu de vie est devenu, plus qu&rsquo;hier, un lieu de soin, l&rsquo;entourage jeune des personnes vivant avec une maladie psychique m\u00e9rite un temps d&rsquo;arr\u00eat.<br>La prise en charge des enfants qui grandissent avec un\u00b7e proche pr\u00e9sentant une maladie mentale complexifie le travail des professionnel\u00b7les et am\u00e8ne des questionnements sp\u00e9cifiques. Le manque de collaboration entre le r\u00e9seau de l&rsquo;enfance et le r\u00e9seau adulte accentue cette complexit\u00e9.<\/p>\n\n\n\n<p>Lors des ces deux journ\u00e9es, nous vous invitons \u00e0 une r\u00e9flexion commune autour de cette probl\u00e9matique \u00e0 partir de votre pratique.<\/p>\n\n\n\n<p>L&rsquo;ASBL \u00c9tincelle est un espace de soutien pour les jeunes de proches en souffrance psychique.<\/p>\n\n\n\n<p><\/p>\n<\/div>\n\n\n\n<div class=\"wp-block-column is-layout-flow wp-block-column-is-layout-flow\" style=\"flex-basis:33.33%\">\n<p>2 journ\u00e9es, de 9h30 \u00e0 16h30 :<br>13\/01 et 14\/01\/25<\/p>\n\n\n\n<p>\u00c0 Bruxelles<br>Prix : 70 \u20ac<\/p>\n<\/div>\n<\/div>\n\n\n\n<h4 class=\"wp-block-heading has-text-align-center\" id=\"formation-terminee\"><strong>Ce module est COMPLET !<\/strong><\/h4>\n\n\n\n<p class=\"has-text-align-center\">Mais vous pouvez vous inscrire en liste d\u2019attente pour \u00eatre tenu inform\u00e9\u00b7e si une place se lib\u00e8re ou si une nouvelle session est programm\u00e9e.<\/p>\n\n\n\n<p><\/p>\n","protected":false},"excerpt":{"rendered":"<p>L&rsquo;accompagnement des enfants qui grandissent avec un proche en souffrance psychique \u00c9tincelle ASBL A l&rsquo;heure o\u00f9 le lieu de vie est devenu, plus qu&rsquo;hier, un lieu de soin, l&rsquo;entourage jeune des personnes vivant avec une maladie psychique m\u00e9rite un temps d&rsquo;arr\u00eat.La prise en charge des enfants qui grandissent avec un\u00b7e proche pr\u00e9sentant une maladie mentale [&hellip;]<\/p>\n","protected":false},"author":1,"featured_media":0,"parent":0,"menu_order":0,"comment_status":"closed","ping_status":"closed","template":"","meta":{"footnotes":""},"class_list":["post-510","page","type-page","status-publish","hentry"],"blocksy_meta":{"styles_descriptor":{"styles":{"desktop":"","tablet":"","mobile":""},"google_fonts":[],"version":6}},"_links":{"self":[{"href":"https:\/\/www.synergieasbl.net\/nouveau\/wp-json\/wp\/v2\/pages\/510","targetHints":{"allow":["GET"]}}],"collection":[{"href":"https:\/\/www.synergieasbl.net\/nouveau\/wp-json\/wp\/v2\/pages"}],"about":[{"href":"https:\/\/www.synergieasbl.net\/nouveau\/wp-json\/wp\/v2\/types\/page"}],"author":[{"embeddable":true,"href":"https:\/\/www.synergieasbl.net\/nouveau\/wp-json\/wp\/v2\/users\/1"}],"replies":[{"embeddable":true,"href":"https:\/\/www.synergieasbl.net\/nouveau\/wp-json\/wp\/v2\/comments?post=510"}],"version-history":[{"count":32,"href":"https:\/\/www.synergieasbl.net\/nouveau\/wp-json\/wp\/v2\/pages\/510\/revisions"}],"predecessor-version":[{"id":2191,"href":"https:\/\/www.synergieasbl.net\/nouveau\/wp-json\/wp\/v2\/pages\/510\/revisions\/2191"}],"wp:attachment":[{"href":"https:\/\/www.synergieasbl.net\/nouveau\/wp-json\/wp\/v2\/media?parent=510"}],"curies":[{"name":"wp","href":"https:\/\/api.w.org\/{rel}","templated":true}]}}