{"id":519,"date":"2021-09-28T16:17:52","date_gmt":"2021-09-28T14:17:52","guid":{"rendered":"https:\/\/www.synergieasbl.net\/nouveau\/?page_id=519"},"modified":"2025-03-28T10:55:13","modified_gmt":"2025-03-28T09:55:13","slug":"formation-ecran-et-relation-educative-une-equation-a-plusieurs-solutions","status":"publish","type":"page","link":"https:\/\/www.synergieasbl.net\/nouveau\/formation-ecran-et-relation-educative-une-equation-a-plusieurs-solutions\/","title":{"rendered":"FORMATION &#8211; \u00c9cran et relation \u00e9ducative : une \u00e9quation \u00e0 plusieurs solutions"},"content":{"rendered":"\n<div class=\"wp-block-columns alignwide are-vertically-aligned-center is-layout-flex wp-container-core-columns-is-layout-28f84493 wp-block-columns-is-layout-flex\">\n<div class=\"wp-block-column is-vertically-aligned-center is-layout-flow wp-block-column-is-layout-flow\" style=\"flex-basis:15%\">\n<figure class=\"wp-block-image size-full\"><img loading=\"lazy\" decoding=\"async\" width=\"300\" height=\"300\" src=\"https:\/\/www.synergieasbl.net\/nouveau\/wp-content\/uploads\/2024\/06\/vignettes16.jpg\" alt=\"\" class=\"wp-image-1953\" srcset=\"https:\/\/www.synergieasbl.net\/nouveau\/wp-content\/uploads\/2024\/06\/vignettes16.jpg 300w, https:\/\/www.synergieasbl.net\/nouveau\/wp-content\/uploads\/2024\/06\/vignettes16-150x150.jpg 150w\" sizes=\"auto, (max-width: 300px) 100vw, 300px\" \/><\/figure>\n<\/div>\n\n\n\n<div class=\"wp-block-column is-vertically-aligned-center is-layout-flow wp-block-column-is-layout-flow\" style=\"flex-basis:85%\" id=\"initiation-a-la-sistemique\">\n<h4 class=\"wp-block-heading has-text-align-left\">\u00c9cran et relation \u00e9ducative : une \u00e9quation \u00e0 plusieurs solutions<\/h4>\n\n\n\n<h6 class=\"wp-block-heading has-text-align-left has-palette-color-3-color has-text-color has-link-color wp-elements-6c449f315cbaee6fa4c763797a578325\">Kathleen Deschamps et Sophie Detournay<\/h6>\n<\/div>\n<\/div>\n\n\n\n<div class=\"wp-block-columns is-layout-flex wp-container-core-columns-is-layout-28f84493 wp-block-columns-is-layout-flex\">\n<div class=\"wp-block-column is-layout-flow wp-block-column-is-layout-flow\" style=\"flex-basis:66.66%\">\n<p>Dans l\u2019organisation de nos vies, les \u00e9crans ont pris une place importante. L\u2019usage de ceux-ci et leur impact dans nos quotidiens sont des sujets de discussion auxquels plus personne n\u2019\u00e9chappe.<\/p>\n\n\n\n<p>Au fil de ces trois journ\u00e9es de formation, nous nous pencherons sur la place de ces m\u00e9dias dans les modalit\u00e9s relationnelles des enfants, des jeunes et des familles que vous accompagnez. Nous verrons aussi l\u2019impact et l\u2019usage que nous pouvons faire des \u00e9crans dans les pratiques socio-\u00e9ducatives.<\/p>\n\n\n\n<p>Les participants et participantes seront invit\u00e9\u00b7es \u00e0 identifier leurs repr\u00e9sentations de la question pour laisser place \u00e0 un travail de mobilisation collective de leurs ressources pour sortir d\u2019une situation d\u2019impuissance.<\/p>\n\n\n\n<p><\/p>\n<\/div>\n\n\n\n<div class=\"wp-block-column is-layout-flow wp-block-column-is-layout-flow\" style=\"flex-basis:33.33%\">\n<p>3 journ\u00e9es, de 9h30 \u00e0 16h30 :<br>Les 05\/06, 10\/06 et 19\/06\/2025<\/p>\n\n\n\n<p>\u00c0 Bruxelles<br>Prix : 105 \u20ac<\/p>\n<\/div>\n<\/div>\n\n\n\n<p><\/p>\n\n\n\n<h4 class=\"wp-block-heading has-text-align-center\">Formation annul\u00e9e<\/h4>\n\n\n\n<p class=\"has-palette-color-8-color has-text-color\">blanc<\/p>\n\n\n\n<p><\/p>\n","protected":false},"excerpt":{"rendered":"<p>\u00c9cran et relation \u00e9ducative : une \u00e9quation \u00e0 plusieurs solutions Kathleen Deschamps et Sophie Detournay Dans l\u2019organisation de nos vies, les \u00e9crans ont pris une place importante. L\u2019usage de ceux-ci et leur impact dans nos quotidiens sont des sujets de discussion auxquels plus personne n\u2019\u00e9chappe. Au fil de ces trois journ\u00e9es de formation, nous nous [&hellip;]<\/p>\n","protected":false},"author":1,"featured_media":0,"parent":0,"menu_order":0,"comment_status":"closed","ping_status":"closed","template":"","meta":{"footnotes":""},"class_list":["post-519","page","type-page","status-publish","hentry"],"blocksy_meta":{"styles_descriptor":{"styles":{"desktop":"","tablet":"","mobile":""},"google_fonts":[],"version":6}},"_links":{"self":[{"href":"https:\/\/www.synergieasbl.net\/nouveau\/wp-json\/wp\/v2\/pages\/519","targetHints":{"allow":["GET"]}}],"collection":[{"href":"https:\/\/www.synergieasbl.net\/nouveau\/wp-json\/wp\/v2\/pages"}],"about":[{"href":"https:\/\/www.synergieasbl.net\/nouveau\/wp-json\/wp\/v2\/types\/page"}],"author":[{"embeddable":true,"href":"https:\/\/www.synergieasbl.net\/nouveau\/wp-json\/wp\/v2\/users\/1"}],"replies":[{"embeddable":true,"href":"https:\/\/www.synergieasbl.net\/nouveau\/wp-json\/wp\/v2\/comments?post=519"}],"version-history":[{"count":28,"href":"https:\/\/www.synergieasbl.net\/nouveau\/wp-json\/wp\/v2\/pages\/519\/revisions"}],"predecessor-version":[{"id":2249,"href":"https:\/\/www.synergieasbl.net\/nouveau\/wp-json\/wp\/v2\/pages\/519\/revisions\/2249"}],"wp:attachment":[{"href":"https:\/\/www.synergieasbl.net\/nouveau\/wp-json\/wp\/v2\/media?parent=519"}],"curies":[{"name":"wp","href":"https:\/\/api.w.org\/{rel}","templated":true}]}}