{"id":532,"date":"2021-09-28T16:32:43","date_gmt":"2021-09-28T14:32:43","guid":{"rendered":"https:\/\/www.synergieasbl.net\/nouveau\/?page_id=532"},"modified":"2025-11-14T13:10:44","modified_gmt":"2025-11-14T12:10:44","slug":"formation-parler-de-sexualite-en-institution","status":"publish","type":"page","link":"https:\/\/www.synergieasbl.net\/nouveau\/formation-parler-de-sexualite-en-institution\/","title":{"rendered":"FORMATION &#8211; Parler de sexualit\u00e9 en institution"},"content":{"rendered":"\n<div class=\"wp-block-media-text alignwide is-stacked-on-mobile\" style=\"grid-template-columns:19% auto\"><figure class=\"wp-block-media-text__media\"><img loading=\"lazy\" decoding=\"async\" width=\"300\" height=\"300\" src=\"https:\/\/www.synergieasbl.net\/nouveau\/wp-content\/uploads\/2025\/11\/Parler-sexualite.png\" alt=\"\" class=\"wp-image-2360 size-full\" srcset=\"https:\/\/www.synergieasbl.net\/nouveau\/wp-content\/uploads\/2025\/11\/Parler-sexualite.png 300w, https:\/\/www.synergieasbl.net\/nouveau\/wp-content\/uploads\/2025\/11\/Parler-sexualite-150x150.png 150w\" sizes=\"auto, (max-width: 300px) 100vw, 300px\" \/><\/figure><div class=\"wp-block-media-text__content\">\n<h4 class=\"wp-block-heading\">Parler de sexualit\u00e9 en institution<\/h4>\n\n\n\n<p>8 matin\u00e9es sur site<br>Une analyse de la demande sera organis\u00e9e pr\u00e9alablement.<br>Contact : info@synergieasbl.net<\/p>\n<\/div><\/div>\n\n\n\n<p><\/p>\n\n\n\n<div class=\"wp-block-columns is-layout-flex wp-container-core-columns-is-layout-28f84493 wp-block-columns-is-layout-flex\">\n<div class=\"wp-block-column is-layout-flow wp-block-column-is-layout-flow\">\n<p>Pour qui est confront\u00e9 \u00e0 la fonction \u00e9ducative, la question d&rsquo;\u00e9duquer \u00e0 la sexualit\u00e9 m\u00e9rite sans doute un statut particulier. On est bien oblig\u00e9 d&rsquo;en faire quelque chose dans la relation \u00e9ducative. Jeune ou moins jeune, chacun est touch\u00e9 en lui-m\u00eame, de fa\u00e7on personnelle par ces questions-l\u00e0 et chacun fait avec ce qu&rsquo;il est.<\/p>\n\n\n\n<p>La sexualit\u00e9 \u00e7a ne s&rsquo;enseigne pas, \u00e7a se dialogue. Pourtant, la soci\u00e9t\u00e9 actuelle, dans sa propension \u00e0 la normativit\u00e9, laisse croire qu&rsquo;en mati\u00e8re de sexualit\u00e9 aussi, il y a un fonctionnement \u00ab\u00a0normal\u00a0\u00bb, accessible, exp\u00e9rimentable et programmable.<\/p>\n\n\n\n<p>Enfin, les enfants et adolescents pris en charge en institution ont souvent un pass\u00e9 de maltraitance, voire d&rsquo;abus, voire d&rsquo;exemples de sexualit\u00e9 non mesur\u00e9e chez les adultes qui les entourent. Et comment \u00e9duquer alors ?<\/p>\n\n\n\n<p><strong>Objectifs et contenus<\/strong><\/p>\n\n\n\n<p>Ces ateliers d&rsquo;\u00e9change de pratiques proposent un espace de dialogue et de r\u00e9flexion, o\u00f9 rencontrer des travailleurs de son institution. Ils visent \u00e0 favoriser la d\u00e9couverte de positionnements ad\u00e9quats pour aborder ces questionnements et v\u00e9cus quotidiens avec les jeunes.<\/p>\n\n\n\n<p>Les intervenants proposeront aux participants de \u00ab mettre au travail \u00bb un certain nombre de questions en lien avec la sexualit\u00e9. Celles-ci seront toujours abord\u00e9es avec comme point de d\u00e9part la pratique des participants, et la sp\u00e9cificit\u00e9 du service.<\/p>\n\n\n\n<p>A titre d&rsquo;exemple, peuvent \u00eatre pris en compte des sujets comme : rapport \u00e0 la sexualit\u00e9 des enfants et le sens de r\u00e8gles en collectivit\u00e9 \u00e0 ce sujet, liens avec les v\u00e9cus traumatiques, prises de risques \u00e0 l\u2019adolescence, d\u00e9pendance amoureuse, construction de l\u2019identit\u00e9 sexuelle, r\u00e9p\u00e9tition d\u2019histoire, l\u2019image de la sexualit\u00e9 dans notre soci\u00e9t\u00e9&#8230;<\/p>\n\n\n\n<p>Les participants seront invit\u00e9s \u00e0 r\u00e9fl\u00e9chir ensemble \u00e0 ce que ces questions soul\u00e8vent en termes de valeurs, de tabous, d\u2019appr\u00e9hensions, de limites&#8230;, \u00e0 prendre du recul et tenter une re-lecture de leurs situations. Ils penseront aux moyens d\u2019aborder ces questions ad\u00e9quatement avec les enfants, les adolescents ou les jeunes adultes, ainsi qu&rsquo;\u00e0 leurs besoins, en tant que professionnels, pour y parvenir (espaces de paroles, coh\u00e9rence institutionnelle, collaborations avec d&rsquo;autres services).<\/p>\n<\/div>\n<\/div>\n\n\n\n<p class=\"has-palette-color-8-color has-text-color\"><br>blanc<\/p>\n","protected":false},"excerpt":{"rendered":"<p>Parler de sexualit\u00e9 en institution 8 matin\u00e9es sur siteUne analyse de la demande sera organis\u00e9e pr\u00e9alablement.Contact : info@synergieasbl.net Pour qui est confront\u00e9 \u00e0 la fonction \u00e9ducative, la question d&rsquo;\u00e9duquer \u00e0 la sexualit\u00e9 m\u00e9rite sans doute un statut particulier. On est bien oblig\u00e9 d&rsquo;en faire quelque chose dans la relation \u00e9ducative. Jeune ou moins jeune, chacun [&hellip;]<\/p>\n","protected":false},"author":1,"featured_media":0,"parent":0,"menu_order":0,"comment_status":"closed","ping_status":"closed","template":"","meta":{"footnotes":""},"class_list":["post-532","page","type-page","status-publish","hentry"],"blocksy_meta":{"styles_descriptor":{"styles":{"desktop":"","tablet":"","mobile":""},"google_fonts":[],"version":6}},"_links":{"self":[{"href":"https:\/\/www.synergieasbl.net\/nouveau\/wp-json\/wp\/v2\/pages\/532","targetHints":{"allow":["GET"]}}],"collection":[{"href":"https:\/\/www.synergieasbl.net\/nouveau\/wp-json\/wp\/v2\/pages"}],"about":[{"href":"https:\/\/www.synergieasbl.net\/nouveau\/wp-json\/wp\/v2\/types\/page"}],"author":[{"embeddable":true,"href":"https:\/\/www.synergieasbl.net\/nouveau\/wp-json\/wp\/v2\/users\/1"}],"replies":[{"embeddable":true,"href":"https:\/\/www.synergieasbl.net\/nouveau\/wp-json\/wp\/v2\/comments?post=532"}],"version-history":[{"count":12,"href":"https:\/\/www.synergieasbl.net\/nouveau\/wp-json\/wp\/v2\/pages\/532\/revisions"}],"predecessor-version":[{"id":2367,"href":"https:\/\/www.synergieasbl.net\/nouveau\/wp-json\/wp\/v2\/pages\/532\/revisions\/2367"}],"wp:attachment":[{"href":"https:\/\/www.synergieasbl.net\/nouveau\/wp-json\/wp\/v2\/media?parent=532"}],"curies":[{"name":"wp","href":"https:\/\/api.w.org\/{rel}","templated":true}]}}